{"id":2683,"date":"2021-09-29T13:35:59","date_gmt":"2021-09-29T13:35:59","guid":{"rendered":"https:\/\/lollyroll.com\/uber-unser-ux-design-team\/"},"modified":"2021-09-29T13:35:59","modified_gmt":"2021-09-29T13:35:59","slug":"uber-unser-ux-design-team","status":"publish","type":"page","link":"https:\/\/lollyroll.com\/de\/uber-unser-ux-design-team\/","title":{"rendered":"\u00dcber unser UX Design Team"},"content":{"rendered":"<h2 title=\"Ihr UX-Design-Team\">Wir sind Lollyroll<\/h2>\n<div><img decoding=\"async\" data-src=\"https:\/\/lollyroll.com\/wp-content\/uploads\/2021\/11\/pxs.png\" alt=\"UX-Design-Team\" src=\"data:image\/svg+xml;base64,PHN2ZyB3aWR0aD0iMSIgaGVpZ2h0PSIxIiB4bWxucz0iaHR0cDovL3d3dy53My5vcmcvMjAwMC9zdmciPjwvc3ZnPg==\" class=\"lazyload\" style=\"--smush-placeholder-width: 1px; --smush-placeholder-aspect-ratio: 1\/1;\"><\/div>\n<h5 class=\"w-75\"><\/h5>\n<p>Wir helfen Produkt- und Marketingteams bei der Erstellung und Verbesserung von Websites und Apps, die nicht nur benutzerfreundlich sind, sondern auch gute KPIs aufweisen.<\/p>\n<div class=\"d-flex flex-wrap\">\n<div class=\"f-1 mr-5\">\n<h3>Team<\/h3>\n<p>Wir sind ein kleines, aber solides Remote-First-Designteam aus begeisterten UX-Designern, die \u00fcber ganz Europa verteilt sind.<\/p>\n<\/div>\n<div class=\"f-1 mr-5\">\n<h3>Kompetenz<\/h3>\n<p>Wir leiten den UX-Designprozess bei gro\u00dfen Webprojekten und denken dabei an die Erfahrung Ihrer Kunden. An erster Stelle stehen Ihre Kunden oder Endverbraucher. Wir sind wirklich gut im benutzerzentrierten Design.  <a href=\"\/approach\">Lesen Sie mehr \u00fcber den gew\u00e4hlten UX-Design-Ansatz.<\/a><\/p>\n<\/div>\n<\/div>\n<div class=\"d-flex flex-wrap\">\n<div class=\"f-1 mr-5\">\n<h3>Dienstleistungen<\/h3>\n<p>Wir entwerfen digitale Produkte <a href=\"https:\/\/lollyroll.com\/de\/ux-design-auslagern\/\">von Null bis zum Helden<\/a>. Oder von einem Ex-Helden zu einem Superhelden, wenn Sie ihn <a href=\"https:\/\/fastredesign.com\">umgestalten<\/a>. Wir haben die M\u00fche, mehr Nutzerforschung zu betreiben als die meisten UX-Berater, weil wir gesehen haben, wie m\u00e4chtig Empathie als Designwerkzeug sein kann.<\/p>\n<\/div>\n<div class=\"f-1 mr-5\">\n<h3>Liefergegenst\u00e4nde<\/h3>\n<p>Wir decken alle Aufgaben des UX-Designs f\u00fcr digitale Produkte ab: von der UX-Forschung und der Informationsarchitektur bis hin zum visuellen (UI-)Design und der <a href=\"https:\/\/lollyroll.com\/mvp-development\/\">no-code Implementierung<\/a> Ihres Projekts. Wir verwenden Agile. Wir haben mit verschiedenen Teams auf der ganzen Welt zusammengearbeitet, um schnelle Designl\u00f6sungen zu liefern (denken Sie an Wochen, nicht Monate).<\/p>\n<\/div>\n<\/div>\n<div class=\"d-flex flex-wrap\">\n<div class=\"f-1 mr-5\">\n<h3>Lollyroll-Kultur<\/h3>\n<p class=\"\">Kultur ist f\u00fcr uns kein leeres Wort. Bei Lollyroll sch\u00e4tzen wir <em>Enthusiasmus<\/em> und <em>Gelassenheit<\/em>. Diese beiden Elemente sind eine wesentliche Grundlage f\u00fcr alle guten Arbeitspl\u00e4tze.<\/p>\n<\/div>\n<div class=\"f-1 mr-5\">\n<h3>Partnerschaft<\/h3>\n<p>Wir sind ein verantwortungsbewusstes UX-Team mit einem vorbereiteten Kooperationsablauf. Und wir sind st\u00e4ndig auf der Suche nach langfristigen, umfassenden Designprojekten. Wenn Sie Kunden f\u00fcr uns haben, sind wir bereit <a href=\"https:\/\/lollyroll.com\/de\/kontakt-lollyroll\/\">, die Bedingungen zu besprechen<\/a>.<\/p>\n<\/div>\n<\/div>\n<h5><\/h5>\n<p class=\"mb-3\">WIR SIND GESCH\u00c4FTSORIENTIERT<\/p>\n<p>Wir beginnen mit den Bed\u00fcrfnissen des Unternehmens und gleichen diese mit den Bed\u00fcrfnissen der Benutzer ab, denn die Benutzeroberfl\u00e4che ist ein Mittel f\u00fcr einen gesch\u00e4ftlichen Zweck.<\/p>\n<div class=\"mt-5 mb-5\"><a class=\"inner btn\" href=\"https:\/\/lollyroll.com\/de\/kontakt-lollyroll\/\">Kontaktieren Sie uns<\/a><\/div>\n<div class=\"mt-5 mb-3\">\n<h4>Unsere Filialen<\/h4>\n<p><a href=\"https:\/\/fastredesign.com\" rel=\"nofollow noopener\" target=\"_blank\">UX\/UI Redesign Dienstleistungen &#8211; Fastredesign.com<\/a><br \/>\n<a href=\"https:\/\/yourwebsitecare.com\" rel=\"nofollow noopener\" target=\"_blank\">IT-Fernunterst\u00fctzung &#8211; Yourwebsitecare.com<\/a><\/p>\n<div class=\"mt-5 mb-3\">\n<!--\n\n<h4>Instagram feed<\/h4>\n\n\n[instagram feed=\"375\"]-->\n<\/div>\n","protected":false},"excerpt":{"rendered":"<p>Wir sind Lollyroll Wir helfen Produkt- und Marketingteams bei der Erstellung und Verbesserung von Websites und Apps, die nicht nur benutzerfreundlich sind, sondern auch gute KPIs aufweisen. Team Wir sind ein kleines, aber solides Remote-First-Designteam aus begeisterten UX-Designern, die \u00fcber ganz Europa verteilt sind. Kompetenz Wir leiten den UX-Designprozess bei gro\u00dfen Webprojekten und denken dabei [&hellip;]<\/p>\n","protected":false},"author":1,"featured_media":0,"parent":0,"menu_order":0,"comment_status":"closed","ping_status":"closed","template":"","meta":{"footnotes":""},"class_list":["post-2683","page","type-page","status-publish","hentry"],"aioseo_notices":[],"_links":{"self":[{"href":"https:\/\/lollyroll.com\/de\/wp-json\/wp\/v2\/pages\/2683","targetHints":{"allow":["GET"]}}],"collection":[{"href":"https:\/\/lollyroll.com\/de\/wp-json\/wp\/v2\/pages"}],"about":[{"href":"https:\/\/lollyroll.com\/de\/wp-json\/wp\/v2\/types\/page"}],"author":[{"embeddable":true,"href":"https:\/\/lollyroll.com\/de\/wp-json\/wp\/v2\/users\/1"}],"replies":[{"embeddable":true,"href":"https:\/\/lollyroll.com\/de\/wp-json\/wp\/v2\/comments?post=2683"}],"version-history":[{"count":0,"href":"https:\/\/lollyroll.com\/de\/wp-json\/wp\/v2\/pages\/2683\/revisions"}],"wp:attachment":[{"href":"https:\/\/lollyroll.com\/de\/wp-json\/wp\/v2\/media?parent=2683"}],"curies":[{"name":"wp","href":"https:\/\/api.w.org\/{rel}","templated":true}]}}