{"id":2682,"date":"2021-02-25T11:44:21","date_gmt":"2021-02-25T11:44:21","guid":{"rendered":"https:\/\/lollyroll.com\/datenschutzbestimmungen\/"},"modified":"2021-02-25T11:44:21","modified_gmt":"2021-02-25T11:44:21","slug":"datenschutzbestimmungen","status":"publish","type":"page","link":"https:\/\/lollyroll.com\/de\/datenschutzbestimmungen\/","title":{"rendered":"Datenschutzbestimmungen"},"content":{"rendered":"<h1>Datenschutzrichtlinie f\u00fcr lollyroll.com<\/h1>\n<p>Bei lollyroll.com, erreichbar \u00fcber https:\/\/lollyroll.com, ist eine unserer wichtigsten Priorit\u00e4ten der Schutz der Privatsph\u00e4re unserer Besucher. Diese Datenschutzrichtlinie enth\u00e4lt die Arten von Informationen, die von lollyroll.com gesammelt und aufgezeichnet werden und wie wir sie verwenden. <\/p>\n<p>Wenn Sie weitere Fragen haben oder mehr Informationen \u00fcber unsere Datenschutzrichtlinie ben\u00f6tigen, z\u00f6gern Sie nicht, uns zu kontaktieren.<\/p>\n<p>Diese Datenschutzrichtlinie gilt nur f\u00fcr unsere Online-Aktivit\u00e4ten und f\u00fcr die Besucher unserer Website in Bezug auf die Informationen, die sie auf lollyroll.com teilen und\/oder sammeln. Diese Richtlinie ist nicht anwendbar auf Informationen, die offline oder \u00fcber andere Kan\u00e4le als diese Website gesammelt werden. Unsere Datenschutzrichtlinie wurde mit Hilfe des <a href=\"https:\/\/www.privacypolicygenerator.info\">Free Privacy Policy Generator<\/a> erstellt.  <\/p>\n<h2>Einverst\u00e4ndnis<\/h2>\n<p>Durch die Nutzung unserer Website erkl\u00e4ren Sie sich mit unserer Datenschutzrichtlinie einverstanden und stimmen deren Bedingungen zu.<\/p>\n<h2>Informationen, die wir sammeln<\/h2>\n<p>Die pers\u00f6nlichen Daten, um die Sie gebeten werden, und die Gr\u00fcnde, warum Sie um diese Daten gebeten werden, werden Ihnen an dem Punkt mitgeteilt, an dem wir Sie bitten, Ihre pers\u00f6nlichen Daten anzugeben.<\/p>\n<p>Wenn Sie sich direkt an uns wenden, k\u00f6nnen wir zus\u00e4tzliche Informationen \u00fcber Sie erhalten, wie z.B. Ihren Namen, Ihre E-Mail-Adresse, Ihre Telefonnummer, den Inhalt der Nachricht und\/oder Anh\u00e4nge, die Sie uns senden, sowie alle anderen Informationen, die Sie uns zur Verf\u00fcgung stellen m\u00f6chten.<\/p>\n<p>Wenn Sie sich f\u00fcr ein Konto registrieren, fragen wir Sie m\u00f6glicherweise nach Ihren Kontaktinformationen, einschlie\u00dflich Angaben wie Name, Firmenname, Adresse, E-Mail-Adresse und Telefonnummer.<\/p>\n<h2>Wie wir Ihre Informationen verwenden<\/h2>\n<p>Wir verwenden die von uns gesammelten Informationen auf verschiedene Weise, unter anderem um:<\/p>\n<div class=\"w-75\">\n<ul class=\"text\">\n<li>Unsere Website bereitstellen, betreiben und pflegen<\/li>\n<li>Verbessern, personalisieren und erweitern Sie unsere Website<\/li>\n<li>Verstehen und analysieren, wie Sie unsere Website nutzen<\/li>\n<li>Entwickeln Sie neue Produkte, Dienstleistungen, Merkmale und Funktionen<\/li>\n<li>mit Ihnen zu kommunizieren, entweder direkt oder \u00fcber einen unserer Partner, u.a. f\u00fcr den Kundendienst, um Ihnen Updates und andere Informationen in Bezug auf die Website zukommen zu lassen, sowie f\u00fcr Marketing- und Werbezwecke<\/li>\n<li>Senden Sie E-Mails<\/li>\n<li>Betrug aufdecken und verhindern<\/li>\n<\/ul>\n<\/div>\n<h2>Log-Dateien<\/h2>\n<p>lollyroll.com arbeitet standardm\u00e4\u00dfig mit Protokolldateien. Diese Dateien protokollieren, wann Besucher Websites besuchen. Alle Hosting-Unternehmen tun dies und es ist Teil der Analyse der Hosting-Dienste. Zu den von den Protokolldateien gesammelten Informationen geh\u00f6ren Internetprotokolladressen (IP), Browsertyp, Internetdienstanbieter (ISP), Datums- und Zeitstempel, Verweis- und Ausgangsseiten und m\u00f6glicherweise die Anzahl der Klicks. Diese Daten sind nicht mit Informationen verkn\u00fcpft, die eine pers\u00f6nliche Identifizierung erm\u00f6glichen. Der Zweck dieser Informationen ist die Analyse von Trends, die Verwaltung der Website, die Verfolgung der Bewegungen der Benutzer auf der Website und die Erfassung demografischer Informationen.     <\/p>\n<h2>Cookies und Web Beacons<\/h2>\n<p>Wie jede andere Website auch, verwendet lollyroll.com &#8218;Cookies&#8216;. Diese Cookies werden verwendet, um Informationen zu speichern, einschlie\u00dflich der Pr\u00e4ferenzen der Besucher und der Seiten auf der Website, die der Besucher aufgerufen oder besucht hat. Diese Informationen werden verwendet, um die Erfahrung des Benutzers zu optimieren, indem wir den Inhalt unserer Webseite auf der Grundlage des Browsertyps des Besuchers und\/oder anderer Informationen anpassen.  <\/p>\n<p>F\u00fcr weitere allgemeine Informationen \u00fcber Cookies lesen Sie bitte <a href=\"https:\/\/www.generateprivacypolicy.com\/#cookies\">den Artikel Cookies auf der Website von Generate Privacy Policy<\/a>.<\/p>\n<h2>Werbepartner Datenschutzrichtlinien<\/h2>\n<p>Sie k\u00f6nnen diese Liste konsultieren, um die Datenschutzrichtlinien f\u00fcr jeden der Werbepartner von lollyroll.com zu finden.<\/p>\n<p>Werbeserver oder Werbenetzwerke von Drittanbietern verwenden Technologien wie Cookies, JavaScript oder Web Beacons, die in ihren jeweiligen Anzeigen und Links auf lollyroll.com verwendet werden, die direkt an den Browser des Benutzers gesendet werden. Sie erhalten automatisch Ihre IP-Adresse, wenn dies geschieht. Diese Technologien werden verwendet, um die Effektivit\u00e4t ihrer Werbekampagnen zu messen und\/oder um die Werbeinhalte, die Sie auf den von Ihnen besuchten Websites sehen, zu personalisieren.  <\/p>\n<p>Beachten Sie, dass lollyroll.com keinen Zugang zu oder Kontrolle \u00fcber diese Cookies hat, die von Drittanbietern verwendet werden.<\/p>\n<h2>Datenschutzrichtlinien von Drittanbietern<\/h2>\n<p>Die Datenschutzrichtlinie von lollyroll.com gilt nicht f\u00fcr andere Werbetreibende oder Websites. Wir raten Ihnen daher, die jeweiligen Datenschutzrichtlinien dieser Werbeserver Dritter zu konsultieren, um genauere Informationen zu erhalten. Diese k\u00f6nnen deren Praktiken und Anweisungen dar\u00fcber enthalten, wie Sie sich von bestimmten Optionen abmelden k\u00f6nnen.  <\/p>\n<p>Sie k\u00f6nnen Cookies \u00fcber Ihre individuellen Browseroptionen deaktivieren. Ausf\u00fchrlichere Informationen zur Cookie-Verwaltung mit bestimmten Webbrowsern finden Sie auf den jeweiligen Websites der Browser. <\/p>\n<h2>CCPA-Datenschutzrechte (Verkaufen Sie meine pers\u00f6nlichen Daten nicht)<\/h2>\n<p>Nach dem CCPA haben kalifornische Verbraucher neben anderen Rechten das Recht auf:<\/p>\n<p>Verlangen Sie, dass ein Unternehmen, das personenbezogene Daten eines Verbrauchers sammelt, die Kategorien und spezifischen Teile der personenbezogenen Daten offenlegt, die ein Unternehmen \u00fcber Verbraucher gesammelt hat.<\/p>\n<p>Verlangen, dass ein Unternehmen alle pers\u00f6nlichen Daten \u00fcber den Verbraucher l\u00f6scht, die ein Unternehmen gesammelt hat.<\/p>\n<p>Verlangen Sie, dass ein Unternehmen, das die pers\u00f6nlichen Daten eines Verbrauchers verkauft, die pers\u00f6nlichen Daten des Verbrauchers nicht verkauft.<\/p>\n<p>Wenn Sie eine Anfrage stellen, haben wir einen Monat Zeit, Ihnen zu antworten. Wenn Sie eines dieser Rechte aus\u00fcben m\u00f6chten, kontaktieren Sie uns bitte. <\/p>\n<h2>GDPR-Datenschutzrechte<\/h2>\n<p>Wir m\u00f6chten sicherstellen, dass Sie \u00fcber alle Ihre Datenschutzrechte informiert sind. Jeder Nutzer hat das Recht auf Folgendes: <\/p>\n<p>Das Recht auf Zugang &#8211; Sie haben das Recht, Kopien Ihrer pers\u00f6nlichen Daten anzufordern. F\u00fcr diesen Service k\u00f6nnen wir Ihnen eine geringe Geb\u00fchr berechnen. <\/p>\n<p>Das Recht auf Berichtigung &#8211; Sie haben das Recht, uns aufzufordern, Informationen zu korrigieren, die Ihrer Meinung nach falsch sind. Sie haben auch das Recht, von uns zu verlangen, dass wir die Informationen vervollst\u00e4ndigen, die Sie f\u00fcr unvollst\u00e4ndig halten. <\/p>\n<p>Das Recht auf L\u00f6schung &#8211; Sie haben das Recht, unter bestimmten Bedingungen zu verlangen, dass wir Ihre personenbezogenen Daten l\u00f6schen.<\/p>\n<p>Das Recht auf Einschr\u00e4nkung der Verarbeitung &#8211; Sie haben das Recht zu verlangen, dass wir die Verarbeitung Ihrer personenbezogenen Daten unter bestimmten Bedingungen einschr\u00e4nken.<\/p>\n<p>Das Recht, der Verarbeitung zu widersprechen &#8211; Sie haben das Recht, der Verarbeitung Ihrer personenbezogenen Daten durch uns unter bestimmten Bedingungen zu widersprechen.<\/p>\n<p>Das Recht auf Daten\u00fcbertragbarkeit &#8211; Sie haben das Recht, unter bestimmten Bedingungen zu verlangen, dass wir die von uns erfassten Daten an eine andere Organisation oder direkt an Sie weitergeben.<\/p>\n<p>Wenn Sie eine Anfrage stellen, haben wir einen Monat Zeit, Ihnen zu antworten. Wenn Sie eines dieser Rechte aus\u00fcben m\u00f6chten, kontaktieren Sie uns bitte. <\/p>\n<h2>Informationen f\u00fcr Kinder<\/h2>\n<p>Ein weiterer Teil unserer Priorit\u00e4t ist der Schutz von Kindern bei der Nutzung des Internets. Wir ermutigen Eltern und Erziehungsberechtigte, ihre Online-Aktivit\u00e4ten zu beobachten, daran teilzunehmen und\/oder sie zu \u00fcberwachen und anzuleiten. <\/p>\n<p>lollyroll.com sammelt nicht wissentlich personenbezogene Daten von Kindern unter 13 Jahren. Wenn Sie glauben, dass Ihr Kind diese Art von Informationen auf unserer Website angegeben hat, bitten wir Sie dringend, uns sofort zu kontaktieren, damit wir uns bem\u00fchen k\u00f6nnen, diese Informationen umgehend aus unseren Unterlagen zu entfernen. <\/p>\n","protected":false},"excerpt":{"rendered":"<p>Datenschutzrichtlinie f\u00fcr lollyroll.com Bei lollyroll.com, erreichbar \u00fcber https:\/\/lollyroll.com, ist eine unserer wichtigsten Priorit\u00e4ten der Schutz der Privatsph\u00e4re unserer Besucher. Diese Datenschutzrichtlinie enth\u00e4lt die Arten von Informationen, die von lollyroll.com gesammelt und aufgezeichnet werden und wie wir sie verwenden. Wenn Sie weitere Fragen haben oder mehr Informationen \u00fcber unsere Datenschutzrichtlinie ben\u00f6tigen, z\u00f6gern Sie nicht, uns zu [&hellip;]<\/p>\n","protected":false},"author":1,"featured_media":0,"parent":0,"menu_order":0,"comment_status":"closed","ping_status":"open","template":"","meta":{"footnotes":""},"class_list":["post-2682","page","type-page","status-publish","hentry"],"aioseo_notices":[],"_links":{"self":[{"href":"https:\/\/lollyroll.com\/de\/wp-json\/wp\/v2\/pages\/2682","targetHints":{"allow":["GET"]}}],"collection":[{"href":"https:\/\/lollyroll.com\/de\/wp-json\/wp\/v2\/pages"}],"about":[{"href":"https:\/\/lollyroll.com\/de\/wp-json\/wp\/v2\/types\/page"}],"author":[{"embeddable":true,"href":"https:\/\/lollyroll.com\/de\/wp-json\/wp\/v2\/users\/1"}],"replies":[{"embeddable":true,"href":"https:\/\/lollyroll.com\/de\/wp-json\/wp\/v2\/comments?post=2682"}],"version-history":[{"count":0,"href":"https:\/\/lollyroll.com\/de\/wp-json\/wp\/v2\/pages\/2682\/revisions"}],"wp:attachment":[{"href":"https:\/\/lollyroll.com\/de\/wp-json\/wp\/v2\/media?parent=2682"}],"curies":[{"name":"wp","href":"https:\/\/api.w.org\/{rel}","templated":true}]}}