{"id":2680,"date":"2021-02-26T12:28:49","date_gmt":"2021-02-26T12:28:49","guid":{"rendered":"https:\/\/lollyroll.com\/ux-design-ansatz\/"},"modified":"2021-02-26T12:28:49","modified_gmt":"2021-02-26T12:28:49","slug":"ux-design-ansatz","status":"publish","type":"page","link":"https:\/\/lollyroll.com\/de\/ux-design-ansatz\/","title":{"rendered":"UX Design Ansatz"},"content":{"rendered":"<h1 title=\"UX Design Ansatz\">Wie wir UX sehen<\/h1>\n<p>Wenn wir ein UX-Team einrichten, machen wir es definitiv nicht zu einem Teil eines Marketing-, Entwicklungs- oder QA-Teams.<\/p>\n<p>Denn das Hauptziel des User Experience Design ist die kontinuierliche Messung und Verbesserung der Produktnutzbarkeit. Und zwar nicht aus einer technischen oder Marktposition heraus, sondern aus einer kognitiven Perspektive. <\/p>\n<p><!-- <img decoding=\"async\" src=\"\" alt=\"pic\" \/> --><\/p>\n<p>Unser Prozess konzentriert sich auf die wichtigsten Aspekte eines Produkts oder einer Website: die Benutzer.<\/p>\n<p>Bevor wir mit dem Design beginnen, untersuchen wir zun\u00e4chst, was die Benutzer entsprechend den Unternehmenszielen ben\u00f6tigen.<\/p>\n<p>Sobald der Designprozess abgeschlossen ist, verpacken wir alle UX-Assets und \u00fcbergeben sie an das Entwicklungsteam, das mit der Erstellung des Produkts beginnt.<\/p>\n<h2 data-start=\"789\" data-end=\"815\"><strong data-start=\"789\" data-end=\"815\">Unser Ansatz umfasst:<\/strong><\/h2>\n<ul data-start=\"817\" data-end=\"1072\">\n<li data-start=\"817\" data-end=\"850\">Ihr Gesch\u00e4ft verstehen<\/li>\n<li data-start=\"851\" data-end=\"879\">Forschungsorientiertes Design<\/li>\n<li data-start=\"880\" data-end=\"914\">Kollaborativer Designprozess<\/li>\n<li data-start=\"915\" data-end=\"948\">Innovative Design-L\u00f6sungen<\/li>\n<li data-start=\"949\" data-end=\"992\">Benutzertests und Integration von Feedback<\/li>\n<li data-start=\"993\" data-end=\"1026\">Lieferung und Implementierung<\/li>\n<li data-start=\"1027\" data-end=\"1072\">Kontinuierliche Verbesserung und Optimierung<\/li>\n<\/ul>\n<h3>W\u00e4hlen Sie eine Entwurfsmethodik<\/h3>\n<p>Wir haben uns f\u00fcr die Prinzipien des Design Thinking entschieden, weil sie auf alle Bereiche unseres Lebens anwendbar sind, auch auf die strategische Unternehmensplanung. Design Thinking erm\u00f6glicht es, die Bed\u00fcrfnisse der Benutzer auf eine Weise zu erf\u00fcllen, die letztendlich das Unternehmen wachsen l\u00e4sst. <\/p>\n<h3>Benutzerzentriertes Design (UCD)<\/h3>\n<p><img decoding=\"async\" data-src=\"\/wp-content\/themes\/lollyroll\/assets\/img\/ucdp.svg\" alt=\"Benutzerzentrierter Designprozess in unserem UX-Designansatz\" src=\"data:image\/svg+xml;base64,PHN2ZyB3aWR0aD0iMSIgaGVpZ2h0PSIxIiB4bWxucz0iaHR0cDovL3d3dy53My5vcmcvMjAwMC9zdmciPjwvc3ZnPg==\" class=\"lazyload\"><\/p>\n<p>Wir erstellen eine Planungskarte, bevor wir mit dem Projekt beginnen, um alles auf die Reihe zu bekommen. Und wir verf\u00fcgen \u00fcber einen gut vorbereiteten Designrahmen auf der Grundlage von <a href=\"https:\/\/en.wikipedia.org\/wiki\/User-centered_design\" target=\"_blank\" rel=\"noopener nofollow\">UCD<\/a> f\u00fcr verschiedene Projekttypen. <\/p>\n<h3>Der Prozess und die Ergebnisse<\/h3>\n<p>Wir akzeptieren SDLC. Und sch\u00e4tzen Sie Agile.<\/p>\n<p data-start=\"1568\" data-end=\"1717\">Unser von der UCD inspirierter Designablauf verl\u00e4uft in f\u00fcnf Phasen:<\/p>\n<ol data-start=\"1718\" data-end=\"1933\">\n<li data-start=\"1718\" data-end=\"1751\"><strong data-start=\"1721\" data-end=\"1751\">Benutzerforschung und -analyse<\/strong><\/li>\n<li data-start=\"1752\" data-end=\"1807\"><strong data-start=\"1755\" data-end=\"1783\">Informationsarchitektur<\/strong> (Mind Maps, Navigation)<\/li>\n<li data-start=\"1808\" data-end=\"1863\"><strong data-start=\"1811\" data-end=\"1826\">Prototyping<\/strong> (Wireframes, interaktive Prototypen)<\/li>\n<li data-start=\"1864\" data-end=\"1908\"><strong data-start=\"1867\" data-end=\"1880\">UI Design<\/strong> (Mock-ups, UI Style Guides)<\/li>\n<li data-start=\"1909\" data-end=\"1933\"><strong data-start=\"1912\" data-end=\"1933\">Usability-Tests<\/strong><\/li>\n<\/ol>\n<p data-start=\"1935\" data-end=\"2040\">F\u00fcr weitere Informationen oder um zu besprechen, wie unsere UX-Expertise Ihren Projekten zugute kommen kann:<\/p>\n<div class=\"mt-5 mb-5\"><a class=\"inner btn\" href=\"https:\/\/lollyroll.com\/de\/kontakt-lollyroll\/\">Kontaktieren Sie uns<\/a><\/div>\n","protected":false},"excerpt":{"rendered":"<p>Wie wir UX sehen Wenn wir ein UX-Team einrichten, machen wir es definitiv nicht zu einem Teil eines Marketing-, Entwicklungs- oder QA-Teams. Denn das Hauptziel des User Experience Design ist die kontinuierliche Messung und Verbesserung der Produktnutzbarkeit. Und zwar nicht aus einer technischen oder Marktposition heraus, sondern aus einer kognitiven Perspektive. Unser Prozess konzentriert sich [&hellip;]<\/p>\n","protected":false},"author":1,"featured_media":0,"parent":0,"menu_order":0,"comment_status":"closed","ping_status":"closed","template":"","meta":{"footnotes":""},"class_list":["post-2680","page","type-page","status-publish","hentry"],"aioseo_notices":[],"_links":{"self":[{"href":"https:\/\/lollyroll.com\/de\/wp-json\/wp\/v2\/pages\/2680","targetHints":{"allow":["GET"]}}],"collection":[{"href":"https:\/\/lollyroll.com\/de\/wp-json\/wp\/v2\/pages"}],"about":[{"href":"https:\/\/lollyroll.com\/de\/wp-json\/wp\/v2\/types\/page"}],"author":[{"embeddable":true,"href":"https:\/\/lollyroll.com\/de\/wp-json\/wp\/v2\/users\/1"}],"replies":[{"embeddable":true,"href":"https:\/\/lollyroll.com\/de\/wp-json\/wp\/v2\/comments?post=2680"}],"version-history":[{"count":0,"href":"https:\/\/lollyroll.com\/de\/wp-json\/wp\/v2\/pages\/2680\/revisions"}],"wp:attachment":[{"href":"https:\/\/lollyroll.com\/de\/wp-json\/wp\/v2\/media?parent=2680"}],"curies":[{"name":"wp","href":"https:\/\/api.w.org\/{rel}","templated":true}]}}