{"id":2678,"date":"2021-09-29T14:04:04","date_gmt":"2021-09-29T14:04:04","guid":{"rendered":"https:\/\/lollyroll.com\/ux-design-audit\/"},"modified":"2021-09-29T14:04:04","modified_gmt":"2021-09-29T14:04:04","slug":"ux-design-audit","status":"publish","type":"page","link":"https:\/\/lollyroll.com\/de\/ux-design-audit\/","title":{"rendered":"UX Design Audit"},"content":{"rendered":"<h2>UX-Design-Audit <br \/>mit PDF-Bericht<\/h2>\n<p>\u00dcberpr\u00fcfen Sie das UX-Design Ihres Projekts in der fr\u00fchesten Phase, auch wenn es sich nur um einen Bleistiftentwurf oder Wireframes handelt. Und vermeiden Sie die kritischen UX-Probleme in den n\u00e4chsten Entwurfsphasen.<\/p>\n<p>Oder lassen Sie uns Ihre Live-Online-Projektschnittstelle untersuchen, um alle Probleme zu identifizieren und einen Plan f\u00fcr ein Redesign zu erstellen.<\/p>\n<h3>Wie es funktioniert<\/h3>\n<div class=\"d-flex\">\n<div class=\"f-1 bordered hoveredpoint relative mr-3 p-2\"><a href=\"#form\" class=\"block-link\"><\/a><\/p>\n<h4 class=\"mt-0\">1.<\/h4>\n<p>F\u00fcllen Sie <a href=\"#form\">das Formular<\/a> aus, in dem Sie einen Link zu Ihrer Website, Ihrer App, Ihren Design-Assets, Ihrem MVP oder Ihrem Live-Produkt angeben.\n<\/div>\n<div class=\"f-1 bordered mr-3 p-2\">\n<h4 class=\"mt-0\">2.<\/h4>\n<p>Wir kontaktieren Sie mit einer Preis- und Zeitsch\u00e4tzung, holen Ihre Zustimmung ein und beginnen mit dem Audit. Nach 2-5 Werktagen, je nach Gr\u00f6\u00dfe Ihres Projekts, melden wir uns bei Ihnen mit den Ergebnissen.\n<\/p><\/div>\n<div class=\"f-1 bordered p-2\">\n<h4 class=\"mt-0\">3.<\/h4>\n<p>Sie erhalten per E-Mail ein mehrseitiges PDF mit den beschriebenen Problemen, L\u00f6sungen und einem Plan f\u00fcr die weiteren Schritte. Und zahlen Sie nach unserem Kostenvoranschlag.\n<\/p><\/div>\n<\/div>\n<div>\n<h4>Ausgabe<\/h4>\n<p>So fangen wir an: mit E-Mails an ein oder zwei wichtige Entscheidungstr\u00e4ger, gefolgt von einem Recherchezeitraum von etwa zwei bis drei Wochen. Unter UX-Forschung verstehen wir, zus\u00e4tzlich zu den \u00fcblichen Wettbewerbsanalysen, Analysen und Tests, noch mehr Gespr\u00e4che, aber dieses Mal mit einem breiteren Netzwerk von Interessengruppen und Kunden.<\/p>\n<p>Am Ende dieser Pr\u00fcfung erhalten Sie ein PDF-Dokument mit:<\/p>\n<ol class=\"text\">\n<li>Eine Beschreibung des Problems und der Schmerzpunkte Ihrer Benutzer<\/li>\n<li>Wie Benutzer durch Ihre Benutzeroberfl\u00e4che navigieren (sie muss intuitiv und konsistent sein)<\/li>\n<li>Visuelle Designl\u00f6sungen in der Vorlage &#8222;Problem &#8211; L\u00f6sung&#8220;<\/li>\n<li>Zusammenfassung der Ergebnisse, einschlie\u00dflich Quick Wins und UX-Strategien<\/li>\n<li>Ein Plan mit empfohlenen n\u00e4chsten Schritten<\/li>\n<\/ol>\n<\/div>\n<div id=\"form\" class=\"mt-5 o-hidden bordered mb-4\">\n<div data-tf-widget=\"Jte4xoLm\" data-tf-hide-headers=\"\" style=\"width:90%;height:600px;margin: -1rem 0 -3rem;\"><\/div>\n<p><script src=\"\/\/embed.typeform.com\/next\/embed.js\"><\/script><\/div>\n<div>\n<p class=\"d-none\">Oder Sie k\u00f6nnen unseren Service \u00fcber Upwork erwerben.<\/p>\n<p><a class=\"d-none\" href=\"https:\/\/www.upwork.com\/services\/product\/ux-design-audit-with-pdf-report-1446454810048122880?ref=project_share\">Siehe Details<\/a>\n<\/div>\n<div>\n<h3>H\u00e4ufig gestellte Fragen<\/h3>\n<details class=\"bordered\">\n<summary class=\"text p-2 c-p\">Wie viel kostet es?<\/summary>\n<div class=\"pl-2 pb-2\">\n<p>Die Preise beginnen bei $230 f\u00fcr weniger als 15 Seiten, $360 f\u00fcr 15-50 und $880 f\u00fcr mehr als 50 Seiten zur \u00dcberpr\u00fcfung.<\/p>\n<\/div>\n<\/details>\n<details class=\"bordered\">\n<summary class=\"text p-2 c-p\">Wie lange dauert es?<\/summary>\n<div class=\"pl-2 pb-2\">\n<p>Die Lieferzeit h\u00e4ngt von der Gr\u00f6\u00dfe Ihres Projekts ab und betr\u00e4gt normalerweise zwischen 2 und 5 Werktagen.<\/p>\n<\/div>\n<\/details>\n<\/div>\n","protected":false},"excerpt":{"rendered":"<p>UX-Design-Audit mit PDF-Bericht \u00dcberpr\u00fcfen Sie das UX-Design Ihres Projekts in der fr\u00fchesten Phase, auch wenn es sich nur um einen Bleistiftentwurf oder Wireframes handelt. Und vermeiden Sie die kritischen UX-Probleme in den n\u00e4chsten Entwurfsphasen. Oder lassen Sie uns Ihre Live-Online-Projektschnittstelle untersuchen, um alle Probleme zu identifizieren und einen Plan f\u00fcr ein Redesign zu erstellen. Wie [&hellip;]<\/p>\n","protected":false},"author":1,"featured_media":0,"parent":0,"menu_order":0,"comment_status":"closed","ping_status":"closed","template":"","meta":{"footnotes":""},"class_list":["post-2678","page","type-page","status-publish","hentry"],"aioseo_notices":[],"_links":{"self":[{"href":"https:\/\/lollyroll.com\/de\/wp-json\/wp\/v2\/pages\/2678","targetHints":{"allow":["GET"]}}],"collection":[{"href":"https:\/\/lollyroll.com\/de\/wp-json\/wp\/v2\/pages"}],"about":[{"href":"https:\/\/lollyroll.com\/de\/wp-json\/wp\/v2\/types\/page"}],"author":[{"embeddable":true,"href":"https:\/\/lollyroll.com\/de\/wp-json\/wp\/v2\/users\/1"}],"replies":[{"embeddable":true,"href":"https:\/\/lollyroll.com\/de\/wp-json\/wp\/v2\/comments?post=2678"}],"version-history":[{"count":0,"href":"https:\/\/lollyroll.com\/de\/wp-json\/wp\/v2\/pages\/2678\/revisions"}],"wp:attachment":[{"href":"https:\/\/lollyroll.com\/de\/wp-json\/wp\/v2\/media?parent=2678"}],"curies":[{"name":"wp","href":"https:\/\/api.w.org\/{rel}","templated":true}]}}